{"id":106,"date":"2011-06-28T13:40:55","date_gmt":"2011-06-28T13:40:55","guid":{"rendered":"http:\/\/www.xn--kita-whlmuse-ocb64a.de\/?page_id=106"},"modified":"2019-04-10T17:37:31","modified_gmt":"2019-04-10T17:37:31","slug":"impressum","status":"publish","type":"page","link":"https:\/\/www.xn--kita-whlmuse-ocb64a.de\/?page_id=106","title":{"rendered":"Impressum &#038; Kontakt"},"content":{"rendered":"<h2>Angaben gem\u00e4\u00df \u00a7 5 TMG:<\/h2>\n<address>Verein f\u00fcr \u00d6kologie,<\/address>\n<address>Gesundheit und Bildung e.V.<br \/>\nWilhelmstr. 7<br \/>\n34260 Kaufungen<\/address>\n<address>Telefon: 05605-80070<br \/>\nFax: 05605-800740<br \/>\n<a href=\"mailto:oegb@kommune-niederkaufungen.de\">Mail an den \u00d6GB e.V.<\/a><\/address>\n<h2>Vertreten durch:<\/h2>\n<address>Peter Dangelmeyer<\/p>\n<p>Christine R\u00fcther<\/p>\n<p>Jacqueline da Silva Bernardi<\/p>\n<\/address>\n<h2>Kontakt:<\/h2>\n<address>Kindertagesst\u00e4tte<\/address>\n<address>Die W\u00fchlm\u00e4use<\/address>\n<address>Kirchweg 1<\/address>\n<address>34260 Kaufungen<\/address>\n<address><a href=\"mailto:kita@kommune-niederkaufungen.de\">Mail an die Kita<\/a><\/address>\n<h2>Registereintrag:<\/h2>\n<address>Eintragung im Vereinsregister.<br \/>\nRegistergericht:Amtsgericht Kassel<br \/>\nRegisternummer: 85 VR 1996<\/address>\n<h2>Umsatzsteuer-ID:<\/h2>\n<address>Umsatzsteuer-Identifikationsnummer gem\u00e4\u00df \u00a727 a Umsatzsteuergesetz:<br \/>\n026 250 79584<\/address>\n<h2>Aufsichtsbeh\u00f6rde:<\/h2>\n<address>Landesjugendamt Hessen<\/address>\n<h2>Verantwortlich f\u00fcr den Inhalt nach \u00a7 55 Abs. 2 RStV:<\/h2>\n<address>Rabea Becker<br \/>\nKirchweg 1<br \/>\n34260 Kaufungen<\/address>\n<p>Quelle: <em>Erstellt mit dem <a href=\"http:\/\/www.e-recht24.de\/impressum-generator.html\" target=\"_blank\" rel=\"noopener noreferrer\">Impressum-Generator eingetragener Verein (e. V.)<\/a> von eRecht24.<\/em><\/p>\n<h2>Haftungsausschluss:<\/h2>\n<p><strong>Haftung f\u00fcr Inhalte<\/strong><\/p>\n<p>Die Inhalte unserer Seiten wurden mit gr\u00f6\u00dfter Sorgfalt erstellt.<br \/>\nF\u00fcr die Richtigkeit, Vollst\u00e4ndigkeit und Aktualit\u00e4t der Inhalte<br \/>\nk\u00f6nnen wir jedoch keine Gew\u00e4hr \u00fcbernehmen. Als Diensteanbieter sind wir gem\u00e4\u00df \u00a7 7 Abs.1 TMG f\u00fcr<br \/>\neigene Inhalte auf diesen Seiten nach den allgemeinen Gesetzen verantwortlich.<br \/>\nNach \u00a7\u00a7 8 bis 10 TMG sind wir als Diensteanbieter jedoch nicht<br \/>\nverpflichtet, \u00fcbermittelte oder gespeicherte fremde Informationen zu<br \/>\n\u00fcberwachen oder nach Umst\u00e4nden zu forschen, die auf eine rechtswidrige<br \/>\nT\u00e4tigkeit hinweisen. Verpflichtungen zur Entfernung oder Sperrung der<br \/>\nNutzung von Informationen nach den allgemeinen Gesetzen bleiben hiervon<br \/>\nunber\u00fchrt. Eine diesbez\u00fcgliche Haftung ist jedoch erst ab dem<br \/>\nZeitpunkt der Kenntnis einer konkreten Rechtsverletzung m\u00f6glich. Bei<br \/>\nBekanntwerden von entsprechenden Rechtsverletzungen werden wir diese Inhalte<br \/>\numgehend entfernen.<\/p>\n<p><strong>Haftung f\u00fcr Links<\/strong><\/p>\n<p>Unser Angebot enth\u00e4lt Links zu externen Webseiten Dritter, auf deren<br \/>\nInhalte wir keinen Einfluss haben. Deshalb k\u00f6nnen wir f\u00fcr diese<br \/>\nfremden Inhalte auch keine Gew\u00e4hr \u00fcbernehmen. F\u00fcr die Inhalte<br \/>\nder verlinkten Seiten ist stets der jeweilige Anbieter oder Betreiber der<br \/>\nSeiten verantwortlich. Die verlinkten Seiten wurden zum Zeitpunkt der Verlinkung<br \/>\nauf m\u00f6gliche Rechtsverst\u00f6\u00dfe \u00fcberpr\u00fcft. Rechtswidrige<br \/>\nInhalte waren zum Zeitpunkt der Verlinkung nicht erkennbar. Eine permanente<br \/>\ninhaltliche Kontrolle der verlinkten Seiten ist jedoch ohne konkrete Anhaltspunkte<br \/>\neiner Rechtsverletzung nicht zumutbar. Bei Bekanntwerden von Rechtsverletzungen<br \/>\nwerden wir derartige Links umgehend entfernen.<\/p>\n<p><strong>Urheberrecht<\/strong><\/p>\n<p>Die durch die Seitenbetreiber erstellten Inhalte und Werke auf diesen Seiten<br \/>\nunterliegen dem deutschen Urheberrecht. Die Vervielf\u00e4ltigung, Bearbeitung, Verbreitung und<br \/>\njede Art der Verwertung au\u00dferhalb der Grenzen des Urheberrechtes bed\u00fcrfen<br \/>\nder schriftlichen Zustimmung des jeweiligen Autors bzw. Erstellers. Downloads<br \/>\nund Kopien dieser Seite sind nur f\u00fcr den privaten, nicht kommerziellen<br \/>\nGebrauch gestattet. Soweit die Inhalte auf dieser Seite nicht vom Betreiber erstellt wurden,<br \/>\nwerden die Urheberrechte Dritter beachtet. Insbesondere werden Inhalte Dritter als solche<br \/>\ngekennzeichnet. Sollten Sie trotzdem auf eine Urheberrechtsverletzung aufmerksam werden, bitten wir um einen entsprechenden Hinweis.<br \/>\nBei Bekanntwerden von Rechtsverletzungen werden wir derartige Inhalte umgehend entfernen.<\/p>\n<p><strong>Datenschutz<\/strong><\/p>\n<p>Die Nutzung unserer Webseite ist in der Regel ohne Angabe personenbezogener Daten m\u00f6glich. Soweit auf unseren Seiten personenbezogene Daten (beispielsweise Name,<br \/>\nAnschrift oder eMail-Adressen) erhoben werden, erfolgt dies, soweit m\u00f6glich, stets auf freiwilliger Basis. Diese Daten werden ohne Ihre ausdr\u00fcckliche Zustimmung nicht an Dritte weitergegeben.<\/p>\n<p>Wir weisen darauf hin, dass die Daten\u00fcbertragung im Internet (z.B.<br \/>\nbei der Kommunikation per E-Mail) Sicherheitsl\u00fccken aufweisen kann.<br \/>\nEin l\u00fcckenloser Schutz der Daten vor dem Zugriff durch Dritte ist nicht<br \/>\nm\u00f6glich.<\/p>\n<p>Der Nutzung von im Rahmen der Impressumspflicht ver\u00f6ffentlichten Kontaktdaten<br \/>\ndurch Dritte zur \u00dcbersendung von nicht ausdr\u00fccklich angeforderter<br \/>\nWerbung und Informationsmaterialien wird hiermit ausdr\u00fccklich widersprochen.<br \/>\nDie Betreiber der Seiten behalten sich ausdr\u00fccklich rechtliche Schritte<br \/>\nim Falle der unverlangten Zusendung von Werbeinformationen, etwa durch Spam-Mails,<br \/>\nvor.<\/p>\n<p><em>Quellverweis: <a href=\"http:\/\/www.e-recht24.de\/muster-disclaimer.htm\" target=\"_blank\" rel=\"noopener noreferrer\">Disclaimer<\/a> von eRecht24, dem Portal zum Internetrecht von Rechtsanwalt S\u00f6ren Siebert<\/em><\/p>\n","protected":false},"excerpt":{"rendered":"<p>Angaben gem\u00e4\u00df \u00a7 5 TMG: Verein f\u00fcr \u00d6kologie, Gesundheit und Bildung e.V. Wilhelmstr. 7 34260 Kaufungen Telefon: 05605-80070 Fax: 05605-800740 Mail an den \u00d6GB e.V. Vertreten durch: Peter Dangelmeyer Christine R\u00fcther Jacqueline da Silva Bernardi Kontakt: Kindertagesst\u00e4tte Die W\u00fchlm\u00e4use Kirchweg 1 34260 Kaufungen Mail an die Kita Registereintrag: Eintragung im Vereinsregister. Registergericht:Amtsgericht Kassel Registernummer: 85 &hellip; <a href=\"https:\/\/www.xn--kita-whlmuse-ocb64a.de\/?page_id=106\" class=\"more-link\"><span class=\"screen-reader-text\">Impressum &#038; Kontakt<\/span> weiterlesen <span class=\"meta-nav\">&rarr;<\/span><\/a><\/p>\n","protected":false},"author":4,"featured_media":0,"parent":0,"menu_order":0,"comment_status":"closed","ping_status":"open","template":"","meta":{"footnotes":""},"class_list":["post-106","page","type-page","status-publish","hentry"],"_links":{"self":[{"href":"https:\/\/www.xn--kita-whlmuse-ocb64a.de\/index.php?rest_route=\/wp\/v2\/pages\/106","targetHints":{"allow":["GET"]}}],"collection":[{"href":"https:\/\/www.xn--kita-whlmuse-ocb64a.de\/index.php?rest_route=\/wp\/v2\/pages"}],"about":[{"href":"https:\/\/www.xn--kita-whlmuse-ocb64a.de\/index.php?rest_route=\/wp\/v2\/types\/page"}],"author":[{"embeddable":true,"href":"https:\/\/www.xn--kita-whlmuse-ocb64a.de\/index.php?rest_route=\/wp\/v2\/users\/4"}],"replies":[{"embeddable":true,"href":"https:\/\/www.xn--kita-whlmuse-ocb64a.de\/index.php?rest_route=%2Fwp%2Fv2%2Fcomments&post=106"}],"version-history":[{"count":11,"href":"https:\/\/www.xn--kita-whlmuse-ocb64a.de\/index.php?rest_route=\/wp\/v2\/pages\/106\/revisions"}],"predecessor-version":[{"id":728,"href":"https:\/\/www.xn--kita-whlmuse-ocb64a.de\/index.php?rest_route=\/wp\/v2\/pages\/106\/revisions\/728"}],"wp:attachment":[{"href":"https:\/\/www.xn--kita-whlmuse-ocb64a.de\/index.php?rest_route=%2Fwp%2Fv2%2Fmedia&parent=106"}],"curies":[{"name":"wp","href":"https:\/\/api.w.org\/{rel}","templated":true}]}}