{"id":154,"date":"2011-06-30T10:11:44","date_gmt":"2011-06-30T10:11:44","guid":{"rendered":"http:\/\/www.xn--kita-whlmuse-ocb64a.de\/?page_id=154"},"modified":"2015-02-03T10:06:42","modified_gmt":"2015-02-03T10:06:42","slug":"offnungszeiten-u-preise","status":"publish","type":"page","link":"https:\/\/www.xn--kita-whlmuse-ocb64a.de\/?page_id=154","title":{"rendered":"\u00d6ffnungszeiten u. Preise"},"content":{"rendered":"<p>Unsere \u00d6ffnungszeiten sind werktags von 8 bis 14 Uhr. An insgesamt 25 Werktagen im Jahr, sowie 2 Ausgleichstagen f\u00fcr die Kitafahrt, ist unsere Einrichtung geschlossen. Die Schlie\u00dfungstage verteilen sich in der Regel auf 2 Urlaubswochen im Sommer, die Zeit zwischen den Jahren, Ostern sowie einzelnen Tagen zwecks Teamfortbildungen, Nutzung von Br\u00fcckentagen oder Klausurtagen.<\/p>\n<p>Der monatliche Eigenanteil der Eltern f\u00fcr einen Betreuungsplatz in unserer Kita betr\u00e4gt 160 Euro f\u00fcr unter 3-j\u00e4hrige Kinder und 130 Euro f\u00fcr Kinder ab dem 3. Lebensjahr. Geschwisterkinder erhalten eine Erm\u00e4\u00dfigung von monatlich 30 Euro.<\/p>\n<p>Ein Essensbeitrag in H\u00f6he von 70 Euro umfasst folgende Leistungen: Fr\u00fchst\u00fcck, (Obst-)zwischenmahlzeit und Mittagessen. Nahezu alle verwendeten Lebensmittel beziehen wir aus biologischem Anbau. Das vegetarische Mittagessen wird t\u00e4glich frisch in der Kommunek\u00fcche zubereitet. In der Vergangenheit kommte das K\u00fcchenteam\u00a0 Lebensmittelunvertr\u00e4glichkeiten einzelner Kinder stets ber\u00fccksichtigen. Auch bei Unternehmungen au\u00dferhalb der Kitar\u00e4umlichkeiten k\u00fcmmert sich die Einrichtung um das leibliche Wohl. Eine gesunde Ern\u00e4hrung allen Kindern bereit zu stellen ist uns ein hoher Wert.<\/p>\n<p>Weitere Kosten entstehen den Eltern durch die Teilnahme an der Kitafahrt und Schulkinderd\u00fcse sowie teilweise bei Ausfl\u00fcgen (Eintrittsgeld etc.).<\/p>\n<p>&nbsp;<\/p>\n","protected":false},"excerpt":{"rendered":"<p>Unsere \u00d6ffnungszeiten sind werktags von 8 bis 14 Uhr. An insgesamt 25 Werktagen im Jahr, sowie 2 Ausgleichstagen f\u00fcr die Kitafahrt, ist unsere Einrichtung geschlossen. Die Schlie\u00dfungstage verteilen sich in der Regel auf 2 Urlaubswochen im Sommer, die Zeit zwischen den Jahren, Ostern sowie einzelnen Tagen zwecks Teamfortbildungen, Nutzung von Br\u00fcckentagen oder Klausurtagen. Der monatliche &hellip; <a href=\"https:\/\/www.xn--kita-whlmuse-ocb64a.de\/?page_id=154\" class=\"more-link\"><span class=\"screen-reader-text\">\u00d6ffnungszeiten u. Preise<\/span> weiterlesen <span class=\"meta-nav\">&rarr;<\/span><\/a><\/p>\n","protected":false},"author":4,"featured_media":0,"parent":0,"menu_order":0,"comment_status":"closed","ping_status":"open","template":"","meta":{"footnotes":""},"class_list":["post-154","page","type-page","status-publish","hentry"],"_links":{"self":[{"href":"https:\/\/www.xn--kita-whlmuse-ocb64a.de\/index.php?rest_route=\/wp\/v2\/pages\/154","targetHints":{"allow":["GET"]}}],"collection":[{"href":"https:\/\/www.xn--kita-whlmuse-ocb64a.de\/index.php?rest_route=\/wp\/v2\/pages"}],"about":[{"href":"https:\/\/www.xn--kita-whlmuse-ocb64a.de\/index.php?rest_route=\/wp\/v2\/types\/page"}],"author":[{"embeddable":true,"href":"https:\/\/www.xn--kita-whlmuse-ocb64a.de\/index.php?rest_route=\/wp\/v2\/users\/4"}],"replies":[{"embeddable":true,"href":"https:\/\/www.xn--kita-whlmuse-ocb64a.de\/index.php?rest_route=%2Fwp%2Fv2%2Fcomments&post=154"}],"version-history":[{"count":9,"href":"https:\/\/www.xn--kita-whlmuse-ocb64a.de\/index.php?rest_route=\/wp\/v2\/pages\/154\/revisions"}],"predecessor-version":[{"id":639,"href":"https:\/\/www.xn--kita-whlmuse-ocb64a.de\/index.php?rest_route=\/wp\/v2\/pages\/154\/revisions\/639"}],"wp:attachment":[{"href":"https:\/\/www.xn--kita-whlmuse-ocb64a.de\/index.php?rest_route=%2Fwp%2Fv2%2Fmedia&parent=154"}],"curies":[{"name":"wp","href":"https:\/\/api.w.org\/{rel}","templated":true}]}}