{"id":161,"date":"2011-06-30T10:48:55","date_gmt":"2011-06-30T10:48:55","guid":{"rendered":"http:\/\/www.xn--kita-whlmuse-ocb64a.de\/?page_id=161"},"modified":"2015-02-03T10:07:14","modified_gmt":"2015-02-03T10:07:14","slug":"allgemeines","status":"publish","type":"page","link":"https:\/\/www.xn--kita-whlmuse-ocb64a.de\/?page_id=161","title":{"rendered":"Wir stellen uns vor"},"content":{"rendered":"<p><strong>Geschichte<\/strong><\/p>\n<p>Unser Kita &#8222;Die W\u00fchlm\u00e4use&#8220; ist eine Einrichtung in freier Tr\u00e4gerschaft (Verein f\u00fcr \u00d6kologie, Gesundheit und Bildung e.V.) und ein Arbeitsbereich der <a href=\"http:\/\/www.kommune-niederkaufungen.de\">Lebensgemeinschaft Kommune Niederkaufungen<\/a>, in der die MitarbeiterInnen gemeinsam mit 80 kleinen und gro\u00dfen Menschen leben.<\/p>\n<p>&#8222;Die W\u00fchlm\u00e4use&#8220; bestehen seit 1991 als anerkannte Kindertagesst\u00e4tte, in den Jahren zuvor ab 1987 in privat organisierter Form.<\/p>\n<p>&nbsp;<\/p>\n<p><strong>Gruppengr\u00f6\u00dfe,\u00a0 und Aufnahme<\/strong><\/p>\n<p>Die &#8222;W\u00fchlm\u00e4use&#8220; sind offen f\u00fcr Kinder ab einem Lebensjahr, selbstverst\u00e4ndlich f\u00fcr &#8222;Kommunekinder&#8220; und &#8222;Kindern aus dem Ort&#8220; gleicherma\u00dfen. Die Integration von Kindern mit besonderem F\u00f6rderungsbedarf ist Bestandteil des Konzeptes. Die Gruppengr\u00f6\u00dfe richtet sich nach der Gruppenzusammensetzung, betr\u00e4gt jedoch nicht mehr als 18 Kinder.<\/p>\n<p>&nbsp;<\/p>\n<p><strong>Gesundes Essen<\/strong><\/p>\n<p>Unser Mittagessen wird von der Kommunek\u00fcche mit frischen Bio-Zutaten, teils aus eigenem Anbau, t\u00e4glich frisch zubereitet. Auch das t\u00e4gliche gemeinsame Fr\u00fchst\u00fccksangebot sowie Zwischenmahlzeiten sind bei uns ganz \u00fcberwiegend Bio.<\/p>\n<p>&nbsp;<\/p>\n","protected":false},"excerpt":{"rendered":"<p>Geschichte Unser Kita &#8222;Die W\u00fchlm\u00e4use&#8220; ist eine Einrichtung in freier Tr\u00e4gerschaft (Verein f\u00fcr \u00d6kologie, Gesundheit und Bildung e.V.) und ein Arbeitsbereich der Lebensgemeinschaft Kommune Niederkaufungen, in der die MitarbeiterInnen gemeinsam mit 80 kleinen und gro\u00dfen Menschen leben. &#8222;Die W\u00fchlm\u00e4use&#8220; bestehen seit 1991 als anerkannte Kindertagesst\u00e4tte, in den Jahren zuvor ab 1987 in privat organisierter Form. &hellip; <a href=\"https:\/\/www.xn--kita-whlmuse-ocb64a.de\/?page_id=161\" class=\"more-link\"><span class=\"screen-reader-text\">Wir stellen uns vor<\/span> weiterlesen <span class=\"meta-nav\">&rarr;<\/span><\/a><\/p>\n","protected":false},"author":4,"featured_media":0,"parent":0,"menu_order":0,"comment_status":"closed","ping_status":"open","template":"","meta":{"footnotes":""},"class_list":["post-161","page","type-page","status-publish","hentry"],"_links":{"self":[{"href":"https:\/\/www.xn--kita-whlmuse-ocb64a.de\/index.php?rest_route=\/wp\/v2\/pages\/161","targetHints":{"allow":["GET"]}}],"collection":[{"href":"https:\/\/www.xn--kita-whlmuse-ocb64a.de\/index.php?rest_route=\/wp\/v2\/pages"}],"about":[{"href":"https:\/\/www.xn--kita-whlmuse-ocb64a.de\/index.php?rest_route=\/wp\/v2\/types\/page"}],"author":[{"embeddable":true,"href":"https:\/\/www.xn--kita-whlmuse-ocb64a.de\/index.php?rest_route=\/wp\/v2\/users\/4"}],"replies":[{"embeddable":true,"href":"https:\/\/www.xn--kita-whlmuse-ocb64a.de\/index.php?rest_route=%2Fwp%2Fv2%2Fcomments&post=161"}],"version-history":[{"count":8,"href":"https:\/\/www.xn--kita-whlmuse-ocb64a.de\/index.php?rest_route=\/wp\/v2\/pages\/161\/revisions"}],"predecessor-version":[{"id":646,"href":"https:\/\/www.xn--kita-whlmuse-ocb64a.de\/index.php?rest_route=\/wp\/v2\/pages\/161\/revisions\/646"}],"wp:attachment":[{"href":"https:\/\/www.xn--kita-whlmuse-ocb64a.de\/index.php?rest_route=%2Fwp%2Fv2%2Fmedia&parent=161"}],"curies":[{"name":"wp","href":"https:\/\/api.w.org\/{rel}","templated":true}]}}