{"id":17,"date":"2011-05-04T10:25:57","date_gmt":"2011-05-04T10:25:57","guid":{"rendered":"http:\/\/www.xn--kita-whlmuse-ocb64a.de\/?page_id=17"},"modified":"2017-02-07T13:43:49","modified_gmt":"2017-02-07T13:43:49","slug":"renovierungen","status":"publish","type":"page","link":"https:\/\/www.xn--kita-whlmuse-ocb64a.de\/?page_id=17","title":{"rendered":"Team"},"content":{"rendered":"<p style=\"text-align: center;\">Unser p\u00e4dagogisches Team besteht aus 4 MitarbeiterInnen, hiervon sind es derzeit 3 Frauen und 1 Mann, wir sind alle ausgebildete ErzieherInnen, bzw. Sozialp\u00e4dagogInnen. Im Regelfall sind 3 MitarbeiterInnen im t\u00e4glichen Grupppendienst. Zeitweise werden diese durch PraktikantInnen erg\u00e4nzt.<\/p>\n<p style=\"text-align: center;\">\u00a0<a href=\"https:\/\/www.xn--kita-whlmuse-ocb64a.de\/wp-content\/uploads\/2011\/05\/S8000149.jpg\"><img loading=\"lazy\" decoding=\"async\" class=\"alignnone wp-image-699 \" src=\"https:\/\/www.xn--kita-whlmuse-ocb64a.de\/wp-content\/uploads\/2011\/05\/S8000149-1024x768.jpg\" width=\"783\" height=\"587\" srcset=\"https:\/\/www.xn--kita-whlmuse-ocb64a.de\/wp-content\/uploads\/2011\/05\/S8000149-1024x768.jpg 1024w, https:\/\/www.xn--kita-whlmuse-ocb64a.de\/wp-content\/uploads\/2011\/05\/S8000149-300x225.jpg 300w, https:\/\/www.xn--kita-whlmuse-ocb64a.de\/wp-content\/uploads\/2011\/05\/S8000149-768x576.jpg 768w, https:\/\/www.xn--kita-whlmuse-ocb64a.de\/wp-content\/uploads\/2011\/05\/S8000149-307x230.jpg 307w\" sizes=\"auto, (max-width: 783px) 100vw, 783px\" \/><\/a><\/p>\n","protected":false},"excerpt":{"rendered":"<p>Unser p\u00e4dagogisches Team besteht aus 4 MitarbeiterInnen, hiervon sind es derzeit 3 Frauen und 1 Mann, wir sind alle ausgebildete ErzieherInnen, bzw. Sozialp\u00e4dagogInnen. Im Regelfall sind 3 MitarbeiterInnen im t\u00e4glichen Grupppendienst. Zeitweise werden diese durch PraktikantInnen erg\u00e4nzt. \u00a0<\/p>\n","protected":false},"author":4,"featured_media":0,"parent":0,"menu_order":0,"comment_status":"closed","ping_status":"closed","template":"","meta":{"footnotes":""},"class_list":["post-17","page","type-page","status-publish","hentry"],"_links":{"self":[{"href":"https:\/\/www.xn--kita-whlmuse-ocb64a.de\/index.php?rest_route=\/wp\/v2\/pages\/17","targetHints":{"allow":["GET"]}}],"collection":[{"href":"https:\/\/www.xn--kita-whlmuse-ocb64a.de\/index.php?rest_route=\/wp\/v2\/pages"}],"about":[{"href":"https:\/\/www.xn--kita-whlmuse-ocb64a.de\/index.php?rest_route=\/wp\/v2\/types\/page"}],"author":[{"embeddable":true,"href":"https:\/\/www.xn--kita-whlmuse-ocb64a.de\/index.php?rest_route=\/wp\/v2\/users\/4"}],"replies":[{"embeddable":true,"href":"https:\/\/www.xn--kita-whlmuse-ocb64a.de\/index.php?rest_route=%2Fwp%2Fv2%2Fcomments&post=17"}],"version-history":[{"count":10,"href":"https:\/\/www.xn--kita-whlmuse-ocb64a.de\/index.php?rest_route=\/wp\/v2\/pages\/17\/revisions"}],"predecessor-version":[{"id":700,"href":"https:\/\/www.xn--kita-whlmuse-ocb64a.de\/index.php?rest_route=\/wp\/v2\/pages\/17\/revisions\/700"}],"wp:attachment":[{"href":"https:\/\/www.xn--kita-whlmuse-ocb64a.de\/index.php?rest_route=%2Fwp%2Fv2%2Fmedia&parent=17"}],"curies":[{"name":"wp","href":"https:\/\/api.w.org\/{rel}","templated":true}]}}