{"id":218,"date":"2011-08-18T21:25:04","date_gmt":"2011-08-18T21:25:04","guid":{"rendered":"http:\/\/www.xn--kita-whlmuse-ocb64a.de\/?page_id=218"},"modified":"2015-02-03T10:07:13","modified_gmt":"2015-02-03T10:07:13","slug":"kfgwochezirkusartikel_10_10","status":"publish","type":"page","link":"https:\/\/www.xn--kita-whlmuse-ocb64a.de\/?page_id=218","title":{"rendered":"Der Kita-Zirkus W\u00fchlmaus pr\u00e4sentiert"},"content":{"rendered":"<div>\n<div id=\"picstartseite\"><a rel=\"lightbox[sb11]\" href=\"http:\/\/www.wittich.de\/typo3temp\/pics\/81c788de23.jpg\"><img loading=\"lazy\" decoding=\"async\" class=\"alignleft\" title=\"Artikelbild\" src=\"http:\/\/www.wittich.de\/typo3temp\/pics\/3363ed4033.jpg\" border=\"0\" alt=\"Artikelbild\" width=\"300\" height=\"225\" \/><\/a><\/div>\n<\/div>\n<p>&nbsp;<\/p>\n<p>&nbsp;<\/p>\n<p><strong> <\/strong><strong>Der Kita-Zirkus W\u00fchlmaus pr\u00e4sentiert &#8230;.<\/strong><\/p>\n<p><strong> <\/strong>Nach 2 Wochen Zirkusprojekt fieberten die Kinder der Kita &#8222;Die W\u00fchlm\u00e4use&#8220; dem gro\u00dfen Finale entgegen. Endlich war es so weit. Am Sonntag, 3. Oktober kamen Eltern, Geschwister und Gro\u00dfeltern in den &#8222;Zirkus W\u00fchlmaus&#8220; um die Vorf\u00fchrung der Kinder zu bestaunen. Doch bevor es so richtig los ging, erhielt unser Publikum noch eine rot geschminkte Nase als Eintrittskarte und eine kleine St\u00e4rkung aus dem Bauchladen, der u.a. zuvor von den Kindern gebackene Kekse feilbot.<\/p>\n<p><strong> <\/strong>In der einst\u00fcndigen Vorstellung gab es dann wahrlich viel zu bestaunen. Unser Clowns, Seilt\u00e4nzer, Zauberer, Artisten, Schlangebeschw\u00f6rer und diverse Raubtiere ernteten den tosenden Applaus des begeisterten Publikums. Nach der Auff\u00fchrung gab es dann noch Kaffee, Saft und Kuchen, den die teils sichtlich ger\u00fchrten Eltern mitbrachten.<\/p>\n<p><strong> <\/strong>Das Zirkusprojekt hat letztendlich alle Kinder angesteckt, so dass neben unseren Gro\u00dfen auch Unter-3-J\u00e4hrige und Intergrationskinder ihre ersten B\u00fchnenerfahrungen machen durften. Ein Erlebnis, das in Erinnerung bleibt und nicht nur das Selbstbewusstsein jedes Kindes st\u00e4rkt sondern auch in unserer &#8222;Zirkusfamilie&#8220; das Gruppengef\u00fchl enorm gef\u00f6rdert hat. In der kommenden Woche wollen die Kinder noch eine Sondervorstellung geben und die Zirkuspforten f\u00fcr die dementiell erkrankten G\u00e4ste der Tagespflege Lossetal \u00f6ffnen.<\/p>\n","protected":false},"excerpt":{"rendered":"<p>&nbsp; &nbsp; Der Kita-Zirkus W\u00fchlmaus pr\u00e4sentiert &#8230;. Nach 2 Wochen Zirkusprojekt fieberten die Kinder der Kita &#8222;Die W\u00fchlm\u00e4use&#8220; dem gro\u00dfen Finale entgegen. Endlich war es so weit. Am Sonntag, 3. Oktober kamen Eltern, Geschwister und Gro\u00dfeltern in den &#8222;Zirkus W\u00fchlmaus&#8220; um die Vorf\u00fchrung der Kinder zu bestaunen. Doch bevor es so richtig los ging, erhielt &hellip; <a href=\"https:\/\/www.xn--kita-whlmuse-ocb64a.de\/?page_id=218\" class=\"more-link\"><span class=\"screen-reader-text\">Der Kita-Zirkus W\u00fchlmaus pr\u00e4sentiert<\/span> weiterlesen <span class=\"meta-nav\">&rarr;<\/span><\/a><\/p>\n","protected":false},"author":4,"featured_media":0,"parent":32,"menu_order":0,"comment_status":"closed","ping_status":"closed","template":"","meta":{"footnotes":""},"class_list":["post-218","page","type-page","status-publish","hentry"],"_links":{"self":[{"href":"https:\/\/www.xn--kita-whlmuse-ocb64a.de\/index.php?rest_route=\/wp\/v2\/pages\/218","targetHints":{"allow":["GET"]}}],"collection":[{"href":"https:\/\/www.xn--kita-whlmuse-ocb64a.de\/index.php?rest_route=\/wp\/v2\/pages"}],"about":[{"href":"https:\/\/www.xn--kita-whlmuse-ocb64a.de\/index.php?rest_route=\/wp\/v2\/types\/page"}],"author":[{"embeddable":true,"href":"https:\/\/www.xn--kita-whlmuse-ocb64a.de\/index.php?rest_route=\/wp\/v2\/users\/4"}],"replies":[{"embeddable":true,"href":"https:\/\/www.xn--kita-whlmuse-ocb64a.de\/index.php?rest_route=%2Fwp%2Fv2%2Fcomments&post=218"}],"version-history":[{"count":5,"href":"https:\/\/www.xn--kita-whlmuse-ocb64a.de\/index.php?rest_route=\/wp\/v2\/pages\/218\/revisions"}],"predecessor-version":[{"id":240,"href":"https:\/\/www.xn--kita-whlmuse-ocb64a.de\/index.php?rest_route=\/wp\/v2\/pages\/218\/revisions\/240"}],"up":[{"embeddable":true,"href":"https:\/\/www.xn--kita-whlmuse-ocb64a.de\/index.php?rest_route=\/wp\/v2\/pages\/32"}],"wp:attachment":[{"href":"https:\/\/www.xn--kita-whlmuse-ocb64a.de\/index.php?rest_route=%2Fwp%2Fv2%2Fmedia&parent=218"}],"curies":[{"name":"wp","href":"https:\/\/api.w.org\/{rel}","templated":true}]}}