{"id":307,"date":"2011-09-09T17:42:07","date_gmt":"2011-09-09T17:42:07","guid":{"rendered":"http:\/\/www.xn--kita-whlmuse-ocb64a.de\/?page_id=307"},"modified":"2015-02-03T10:07:14","modified_gmt":"2015-02-03T10:07:14","slug":"groser-einsatz-fur-kleine-kartoffelernter","status":"publish","type":"page","link":"https:\/\/www.xn--kita-whlmuse-ocb64a.de\/?page_id=307","title":{"rendered":"Gro\u00dfer Einsatz f\u00fcr kleine Kartoffelernter"},"content":{"rendered":"<p><a href=\"https:\/\/www.xn--kita-whlmuse-ocb64a.de\/wp-content\/uploads\/2011\/09\/bcfa7bb98b.jpg\"><img loading=\"lazy\" decoding=\"async\" class=\"size-full wp-image-336 alignnone\" title=\"Kartoffelroder_Kinder auf Acker\" src=\"https:\/\/www.xn--kita-whlmuse-ocb64a.de\/wp-content\/uploads\/2011\/09\/bcfa7bb98b.jpg\" alt=\"\" width=\"300\" height=\"225\" \/><\/a><a href=\"https:\/\/www.xn--kita-whlmuse-ocb64a.de\/wp-content\/uploads\/2011\/09\/gesa-auf-roder.jpg\"><img loading=\"lazy\" decoding=\"async\" class=\"alignnone size-medium wp-image-349\" title=\"gesa auf roder\" src=\"https:\/\/www.xn--kita-whlmuse-ocb64a.de\/wp-content\/uploads\/2011\/09\/gesa-auf-roder-300x225.jpg\" alt=\"\" width=\"300\" height=\"225\" srcset=\"https:\/\/www.xn--kita-whlmuse-ocb64a.de\/wp-content\/uploads\/2011\/09\/gesa-auf-roder-300x225.jpg 300w, https:\/\/www.xn--kita-whlmuse-ocb64a.de\/wp-content\/uploads\/2011\/09\/gesa-auf-roder.jpg 808w\" sizes=\"auto, (max-width: 300px) 100vw, 300px\" \/><\/a><\/p>\n<p>Wenn die &#8222;Rote R\u00fcbe&#8220;, der Bio-Gem\u00fcsebaubetrieb der Kommune Niederkaufungen, die Kartoffelernte einholt und diesmal sogar mit Nachbars Hilfe ein echter Kartoffelroder \u00fcber die Felder zieht, wollen nat\u00fcrlich alle Kitakinder mit dabei sein. Also packen wir, wie es fr\u00fcher Sitte war, einen Korb voll Brote, Obst und Kaffee und bringen dies zu den FeldarbeiterInnen am Losseacker.<\/p>\n<p>So schauen wir zun\u00e4chst den G\u00e4rtnerInnen beim Sortieren der Kartoffeln zu und d\u00fcrfen dann auch alle mal auf den Kartoffelroder klettern und uns die Sache aus n\u00e4chster N\u00e4he anschauen.<\/p>\n<p>So erfahren wir auch, dass der aussortierte Teil der Ernte auf dem Feld liegen bleibt, weil die Kartoffeln teils gr\u00fcn sind oder von unseren Namensvettern, den W\u00fchlm\u00e4usen, angeknabbert wurden. F\u00fcr den bevorstehenden Kartoffeldruck sammeln wir hiervon dann die sch\u00f6nsten Kartoffeln vom Acker und ziehen mit vollen Hosentaschen und bewegenden Eindr\u00fccken heim.<\/p>\n<p>&nbsp;<\/p>\n","protected":false},"excerpt":{"rendered":"<p>Wenn die &#8222;Rote R\u00fcbe&#8220;, der Bio-Gem\u00fcsebaubetrieb der Kommune Niederkaufungen, die Kartoffelernte einholt und diesmal sogar mit Nachbars Hilfe ein echter Kartoffelroder \u00fcber die Felder zieht, wollen nat\u00fcrlich alle Kitakinder mit dabei sein. Also packen wir, wie es fr\u00fcher Sitte war, einen Korb voll Brote, Obst und Kaffee und bringen dies zu den FeldarbeiterInnen am Losseacker. &hellip; <a href=\"https:\/\/www.xn--kita-whlmuse-ocb64a.de\/?page_id=307\" class=\"more-link\"><span class=\"screen-reader-text\">Gro\u00dfer Einsatz f\u00fcr kleine Kartoffelernter<\/span> weiterlesen <span class=\"meta-nav\">&rarr;<\/span><\/a><\/p>\n","protected":false},"author":4,"featured_media":0,"parent":32,"menu_order":0,"comment_status":"closed","ping_status":"open","template":"","meta":{"footnotes":""},"class_list":["post-307","page","type-page","status-publish","hentry"],"_links":{"self":[{"href":"https:\/\/www.xn--kita-whlmuse-ocb64a.de\/index.php?rest_route=\/wp\/v2\/pages\/307","targetHints":{"allow":["GET"]}}],"collection":[{"href":"https:\/\/www.xn--kita-whlmuse-ocb64a.de\/index.php?rest_route=\/wp\/v2\/pages"}],"about":[{"href":"https:\/\/www.xn--kita-whlmuse-ocb64a.de\/index.php?rest_route=\/wp\/v2\/types\/page"}],"author":[{"embeddable":true,"href":"https:\/\/www.xn--kita-whlmuse-ocb64a.de\/index.php?rest_route=\/wp\/v2\/users\/4"}],"replies":[{"embeddable":true,"href":"https:\/\/www.xn--kita-whlmuse-ocb64a.de\/index.php?rest_route=%2Fwp%2Fv2%2Fcomments&post=307"}],"version-history":[{"count":10,"href":"https:\/\/www.xn--kita-whlmuse-ocb64a.de\/index.php?rest_route=\/wp\/v2\/pages\/307\/revisions"}],"predecessor-version":[{"id":352,"href":"https:\/\/www.xn--kita-whlmuse-ocb64a.de\/index.php?rest_route=\/wp\/v2\/pages\/307\/revisions\/352"}],"up":[{"embeddable":true,"href":"https:\/\/www.xn--kita-whlmuse-ocb64a.de\/index.php?rest_route=\/wp\/v2\/pages\/32"}],"wp:attachment":[{"href":"https:\/\/www.xn--kita-whlmuse-ocb64a.de\/index.php?rest_route=%2Fwp%2Fv2%2Fmedia&parent=307"}],"curies":[{"name":"wp","href":"https:\/\/api.w.org\/{rel}","templated":true}]}}