{"id":32,"date":"2011-06-28T14:26:06","date_gmt":"2011-06-28T14:26:06","guid":{"rendered":"http:\/\/www.xn--kita-whlmuse-ocb64a.de\/?page_id=32"},"modified":"2015-02-03T10:07:13","modified_gmt":"2015-02-03T10:07:13","slug":"presse","status":"publish","type":"page","link":"https:\/\/www.xn--kita-whlmuse-ocb64a.de\/?page_id=32","title":{"rendered":"Presse"},"content":{"rendered":"<p><a title=\"Zirkus Projektwochen, Kfg.Woche April 2013\" href=\"https:\/\/www.xn--kita-whlmuse-ocb64a.de\/?page_id=571\">Zirkus Projektwochen<\/a> &#8211; Kfg. Woche,\u00a0 April 2013<\/p>\n<p><a title=\"Kita \u201cDie W\u00fchlm\u00e4use\u201d sicher im Stra\u00dfenverkehr \u2013 Kfg.Wo Nov 2012\" href=\"https:\/\/www.xn--kita-whlmuse-ocb64a.de\/?page_id=558\">Kita &#8222;Die W\u00fchlm\u00e4use&#8220; sicher im Stra\u00dfenverkehr<\/a> &#8211; Kfg. Woche, November 2012<\/p>\n<p><a title=\"Ein Labyrinth f\u00fcr die Sinne\" href=\"https:\/\/www.xn--kita-whlmuse-ocb64a.de\/?page_id=527\">Ein Labyrinth f\u00fcr die Sinne<\/a> &#8211; HNA v. 25. August 2012<\/p>\n<p><a title=\"W\u00fchlm\u00e4use spenden Ausstellungsst\u00fcck f\u00fcr die Sinnesg\u00e4nge\" href=\"https:\/\/www.xn--kita-whlmuse-ocb64a.de\/?page_id=502\">W\u00fchlm\u00e4use spenden Ausstellungsst\u00fcck f\u00fcr die Sinnesg\u00e4nge<\/a> &#8211; Kfg. Woche, August 2012<\/p>\n<p><a title=\"\u201cW\u00fchlm\u00e4use\u201d feiern Karneval in der Tagespflege Lossetal\" href=\"https:\/\/www.xn--kita-whlmuse-ocb64a.de\/?page_id=495\">&#8222;W\u00fchlm\u00e4use&#8220; feiern Karneval in der Tagespflege Lossetal<\/a> &#8211; Kfg. Woche, M\u00e4rz 2012<\/p>\n<p><a title=\"Laternenfest\" href=\"https:\/\/www.xn--kita-whlmuse-ocb64a.de\/?page_id=439\">Laternenfest<\/a> &#8211; Kfg. Woche, Dezember 2011<\/p>\n<p><a title=\"Kinder der Kita \u201cDie W\u00fchlm\u00e4use\u201d basteln in der Tagespflege Lossetal\" href=\"https:\/\/www.xn--kita-whlmuse-ocb64a.de\/?page_id=383\">Kita &#8222;W\u00fchlm\u00e4use&#8220; bastelt in der Tagespflege Lossetal<\/a> &#8211; Kfg. Woche, Oktober 2011<\/p>\n<p><a title=\"Gro\u00dfer Einsatz f\u00fcr kleine Kartoffelernter\" href=\"..\/?page_id=307\">Gro\u00dfer Einsatz f\u00fcr kleine Kartoffelernter<\/a> &#8211; Kfg. Woche, September 2011<\/p>\n<p><a title=\"Feldhofer Kindergarten zu Besuch bei den W\u00fchlm\u00e4usen\" href=\"https:\/\/www.xn--kita-whlmuse-ocb64a.de\/?page_id=184\">Feldhofer Kindergarten zu Besuch bei den W\u00fchlm\u00e4usen<\/a> &#8211; Kfg. Woche, Juni 2011<\/p>\n<p><a title=\"Kitafahrt nach Eiterhagen\" href=\"https:\/\/www.xn--kita-whlmuse-ocb64a.de\/?page_id=251\">Kitafahrt nach Eiterhagen<\/a> &#8211; Kfg. Woche, Juni 2011<\/p>\n<p><a title=\"Winterliches Fr\u00fchst\u00fcck im Freien\" href=\"https:\/\/www.xn--kita-whlmuse-ocb64a.de\/?page_id=187\">Winterliches Fr\u00fchst\u00fcck im Freien<\/a> &#8211; Kfg. Woche, Februar 2011<\/p>\n<p><a title=\"Kita \u201cDie W\u00fchlm\u00e4use\u201d bingen Musik und Bewegung mit\" href=\"https:\/\/www.xn--kita-whlmuse-ocb64a.de\/?page_id=393\">W\u00fchlm\u00e4use bringen Musik und Bewegung mit<\/a> &#8211; Kfg. Woche, Februar 2011<\/p>\n<p><a title=\"KfgWoche:Zirkusartikel_10_10\" href=\"https:\/\/www.xn--kita-whlmuse-ocb64a.de\/?page_id=218\">Der Kita-Zirkus W\u00fchlmaus pr\u00e4sentiert<\/a> &#8211; Kfg. Woche, Oktober 2010<\/p>\n<p><a title=\"Besuch der Tagespflege Lossetal im Zirkus W\u00fchlmaus\" href=\"https:\/\/www.xn--kita-whlmuse-ocb64a.de\/?page_id=263\">Besuch der Tagespflege Lossetal im Zirkus W\u00fchlmaus<\/a> &#8211; Kfg. Woche Oktober 2010<\/p>\n<p><a title=\"KfgWo_Einweihungsfest in runderneuerten R\u00e4umlichkeiten\" href=\"https:\/\/www.xn--kita-whlmuse-ocb64a.de\/?page_id=213\">Einweihungsfest in runderneuerten R\u00e4umlichkeiten<\/a> &#8211; Kfg. Woche, September2010<\/p>\n<p><a title=\"Gro\u00dfer Einsatz f\u00fcr kleine Kartoffelernter\" href=\"https:\/\/www.xn--kita-whlmuse-ocb64a.de\/?page_id=307\"><br \/>\n<\/a><\/p>\n<p>&nbsp;<\/p>\n","protected":false},"excerpt":{"rendered":"<p>Zirkus Projektwochen &#8211; Kfg. Woche,\u00a0 April 2013 Kita &#8222;Die W\u00fchlm\u00e4use&#8220; sicher im Stra\u00dfenverkehr &#8211; Kfg. Woche, November 2012 Ein Labyrinth f\u00fcr die Sinne &#8211; HNA v. 25. August 2012 W\u00fchlm\u00e4use spenden Ausstellungsst\u00fcck f\u00fcr die Sinnesg\u00e4nge &#8211; Kfg. Woche, August 2012 &#8222;W\u00fchlm\u00e4use&#8220; feiern Karneval in der Tagespflege Lossetal &#8211; Kfg. Woche, M\u00e4rz 2012 Laternenfest &#8211; Kfg. &hellip; <a href=\"https:\/\/www.xn--kita-whlmuse-ocb64a.de\/?page_id=32\" class=\"more-link\"><span class=\"screen-reader-text\">Presse<\/span> weiterlesen <span class=\"meta-nav\">&rarr;<\/span><\/a><\/p>\n","protected":false},"author":4,"featured_media":0,"parent":0,"menu_order":0,"comment_status":"closed","ping_status":"closed","template":"","meta":{"footnotes":""},"class_list":["post-32","page","type-page","status-publish","hentry"],"_links":{"self":[{"href":"https:\/\/www.xn--kita-whlmuse-ocb64a.de\/index.php?rest_route=\/wp\/v2\/pages\/32","targetHints":{"allow":["GET"]}}],"collection":[{"href":"https:\/\/www.xn--kita-whlmuse-ocb64a.de\/index.php?rest_route=\/wp\/v2\/pages"}],"about":[{"href":"https:\/\/www.xn--kita-whlmuse-ocb64a.de\/index.php?rest_route=\/wp\/v2\/types\/page"}],"author":[{"embeddable":true,"href":"https:\/\/www.xn--kita-whlmuse-ocb64a.de\/index.php?rest_route=\/wp\/v2\/users\/4"}],"replies":[{"embeddable":true,"href":"https:\/\/www.xn--kita-whlmuse-ocb64a.de\/index.php?rest_route=%2Fwp%2Fv2%2Fcomments&post=32"}],"version-history":[{"count":23,"href":"https:\/\/www.xn--kita-whlmuse-ocb64a.de\/index.php?rest_route=\/wp\/v2\/pages\/32\/revisions"}],"predecessor-version":[{"id":616,"href":"https:\/\/www.xn--kita-whlmuse-ocb64a.de\/index.php?rest_route=\/wp\/v2\/pages\/32\/revisions\/616"}],"wp:attachment":[{"href":"https:\/\/www.xn--kita-whlmuse-ocb64a.de\/index.php?rest_route=%2Fwp%2Fv2%2Fmedia&parent=32"}],"curies":[{"name":"wp","href":"https:\/\/api.w.org\/{rel}","templated":true}]}}