{"id":360,"date":"2011-09-22T10:14:29","date_gmt":"2011-09-22T10:14:29","guid":{"rendered":"http:\/\/www.xn--kita-whlmuse-ocb64a.de\/?page_id=360"},"modified":"2015-02-03T10:06:42","modified_gmt":"2015-02-03T10:06:42","slug":"links","status":"publish","type":"page","link":"https:\/\/www.xn--kita-whlmuse-ocb64a.de\/?page_id=360","title":{"rendered":"Links"},"content":{"rendered":"<p><strong>Kinderg\u00e4rten<\/strong><\/p>\n<p>In Kaufungen gibt es au\u00dfer unserer Einrichtung in freier Tr\u00e4gerschaft 6 weitere Kitas der Gemeinde Kaufungen. Informationen zu allen Kaufunger Kitas finden Sie <a href=\"http:\/\/www.kaufungen.eu\/index.phtml?mNavID=481.32&amp;sNavID=481.79&amp;La=1\" target=\"_blank\">hier<\/a>.<strong> <\/strong><\/p>\n<p><strong>Kommune Niederkaufungen<\/strong><\/p>\n<p>Unsere Kindertagesst\u00e4tte ist ein Teil der Lebensgemeinschaft Kommune Niederkaufungen. Hier arbeiten und leben wir mit derzeit 60 Erwachsenen und 20 Kindern in 13 Betrieben.\u00a0 Mehr Informationen zur Kommune finden Sie <a href=\"http:\/\/www.kommune-niederkaufungen.de\/?page_id=157\" target=\"_blank\">hier<\/a>.<\/p>\n<p><strong>Interessante Links f\u00fcr Familien mit\u00a0 Kindern<\/strong><\/p>\n<p>An dieser Stelle m\u00f6chten wir auf kulturelle Veranstaltungen im Raum Kaufungen\/Kassel hinweisen, die wir f\u00fcr Unternehmungen mit Kindern besonders empfehlenswert finden.\u00a0 <strong><\/strong><\/p>\n<ul>\n<li><a href=\"http:\/\/www.sinnesgaenge.de\/\" target=\"_blank\">Ausstellung &#8222;Sinnesg\u00e4nge&#8220;<\/a> in der Ziegelei Oberkaufungen<\/li>\n<li>(Kinder)<a href=\"http:\/\/www.circus-rambazotti.de\/\" target=\"_blank\"> Zirkus Rambazotti<\/a>, Marbachsh\u00f6he Kassel<\/li>\n<\/ul>\n<p><strong>Kooperation<\/strong><\/p>\n<p>Wir sind Mitglied im Deutschen Parit\u00e4tischen Wohlfahrtsverband (DPWV) <a href=\"http:\/\/www.der-paritaetische.de\/\">http:\/\/www.der-paritaetische.de\/<\/a>sowie in der LAG Freie Kinderarbeit Hessen e.V. <a href=\"http:\/\/www.laghessen.de\/\" target=\"_blank\">http:\/\/www.laghessen.de\/<\/a>. Als Kita in Freier Tr\u00e4gerschaft f\u00fchren wir hier fachlichen Austausch und finden Unterst\u00fctzung.<\/p>\n<p>&nbsp;<\/p>\n<p>Diese Seite ist noch in Arbeit. Gerne k\u00f6nnen Sie uns auf weiter interessante Links f\u00fcr Kinder hinweisen.<\/p>\n","protected":false},"excerpt":{"rendered":"<p>Kinderg\u00e4rten In Kaufungen gibt es au\u00dfer unserer Einrichtung in freier Tr\u00e4gerschaft 6 weitere Kitas der Gemeinde Kaufungen. Informationen zu allen Kaufunger Kitas finden Sie hier. Kommune Niederkaufungen Unsere Kindertagesst\u00e4tte ist ein Teil der Lebensgemeinschaft Kommune Niederkaufungen. Hier arbeiten und leben wir mit derzeit 60 Erwachsenen und 20 Kindern in 13 Betrieben.\u00a0 Mehr Informationen zur Kommune &hellip; <a href=\"https:\/\/www.xn--kita-whlmuse-ocb64a.de\/?page_id=360\" class=\"more-link\"><span class=\"screen-reader-text\">Links<\/span> weiterlesen <span class=\"meta-nav\">&rarr;<\/span><\/a><\/p>\n","protected":false},"author":4,"featured_media":0,"parent":0,"menu_order":0,"comment_status":"closed","ping_status":"open","template":"","meta":{"footnotes":""},"class_list":["post-360","page","type-page","status-publish","hentry"],"_links":{"self":[{"href":"https:\/\/www.xn--kita-whlmuse-ocb64a.de\/index.php?rest_route=\/wp\/v2\/pages\/360","targetHints":{"allow":["GET"]}}],"collection":[{"href":"https:\/\/www.xn--kita-whlmuse-ocb64a.de\/index.php?rest_route=\/wp\/v2\/pages"}],"about":[{"href":"https:\/\/www.xn--kita-whlmuse-ocb64a.de\/index.php?rest_route=\/wp\/v2\/types\/page"}],"author":[{"embeddable":true,"href":"https:\/\/www.xn--kita-whlmuse-ocb64a.de\/index.php?rest_route=\/wp\/v2\/users\/4"}],"replies":[{"embeddable":true,"href":"https:\/\/www.xn--kita-whlmuse-ocb64a.de\/index.php?rest_route=%2Fwp%2Fv2%2Fcomments&post=360"}],"version-history":[{"count":8,"href":"https:\/\/www.xn--kita-whlmuse-ocb64a.de\/index.php?rest_route=\/wp\/v2\/pages\/360\/revisions"}],"predecessor-version":[{"id":638,"href":"https:\/\/www.xn--kita-whlmuse-ocb64a.de\/index.php?rest_route=\/wp\/v2\/pages\/360\/revisions\/638"}],"wp:attachment":[{"href":"https:\/\/www.xn--kita-whlmuse-ocb64a.de\/index.php?rest_route=%2Fwp%2Fv2%2Fmedia&parent=360"}],"curies":[{"name":"wp","href":"https:\/\/api.w.org\/{rel}","templated":true}]}}