{"id":383,"date":"2011-10-08T14:52:54","date_gmt":"2011-10-08T14:52:54","guid":{"rendered":"http:\/\/www.xn--kita-whlmuse-ocb64a.de\/?page_id=383"},"modified":"2015-02-03T10:07:14","modified_gmt":"2015-02-03T10:07:14","slug":"kinder-der-kita-die-wuhlmause-basteln-in-der-tagespflege-lossetal","status":"publish","type":"page","link":"https:\/\/www.xn--kita-whlmuse-ocb64a.de\/?page_id=383","title":{"rendered":"Kinder der Kita &#8222;Die W\u00fchlm\u00e4use&#8220; basteln in der Tagespflege Lossetal"},"content":{"rendered":"<p><a href=\"https:\/\/www.xn--kita-whlmuse-ocb64a.de\/wp-content\/uploads\/2011\/10\/DSC03257.jpg\"><img loading=\"lazy\" decoding=\"async\" class=\"size-medium wp-image-386 alignleft\" style=\"border: 1px solid black; margin: 1px;\" title=\"Basteln_Katrin_Luca_Jonathan\" src=\"https:\/\/www.xn--kita-whlmuse-ocb64a.de\/wp-content\/uploads\/2011\/10\/DSC03257-300x225.jpg\" alt=\"\" width=\"300\" height=\"225\" srcset=\"https:\/\/www.xn--kita-whlmuse-ocb64a.de\/wp-content\/uploads\/2011\/10\/DSC03257-300x225.jpg 300w, https:\/\/www.xn--kita-whlmuse-ocb64a.de\/wp-content\/uploads\/2011\/10\/DSC03257.jpg 1024w\" sizes=\"auto, (max-width: 300px) 100vw, 300px\" \/><\/a>Nun ist der Herbst so richtig da und so fiel es uns nicht schwer, ein Thema f\u00fcr den n\u00e4chsten Besuch der &#8222;W\u00fchlm\u00e4use&#8220; in der Tagespflege Lossetal zu finden. Herbstlieder und Basteln mit dem, was diese Jahreszeit uns gibt, stand auf dem Programm. In den<br \/>\nTagen zuvor, haben die Kinder ein herbstliches Bewegungslied einge\u00fcbt und konnten es mit viel Freude bei den alten Menschen in der Tagespflege vortragen.<br \/>\nAnschlie\u00dfend wurde es trubelig, denn die Kinder packten ihre Taschen mit selbstgesammelten Kastanien, Eicheln und Bl\u00e4ttern aus und enterten den hierf\u00fcr hergerichteten Basteltisch. Die meisten der anwesenden Senioren schauten dem Treiben interessiet zu und<br \/>\neinige wenige mischten sich unter die Kinder und griffen zu Papier und Kleber.<br \/>\nDas obligatorische gemeinsames Abschlusslied rundete den Besuch ab. F\u00fcr die Senioren der Tagespflege war der Besuch der Kinder<br \/>\nwieder einmal sehr anregend und bot Anlass, \u00fcber eigene Kinder oder auch eigene Kindheit zu sprechen. F\u00fcr einige Kinder war es<br \/>\nder erste Besuch bei den alten Menschen und was vielleicht heute noch ganz aufregend, fremd und ungew\u00f6hnlich empfunden wird,<br \/>\nist bald eine selbstverst\u00e4ndliche Begegnung.<br \/>\nDas Motto der Tagespflege Lossetal &#8222;Menschen in Gesellschaft bringen&#8220; wurde an diesem Tag f\u00fcr alle sehr erfahrbar. \u00dcbrigens hat sich die Warteliste der Tagespflege verkleinert, so dass die M\u00f6glichkeit besteht, auch kurzfristig einen Platz zu bekommen. Die Kita &#8222;Die W\u00fchlm\u00e4use&#8220; hat ab Sommer 2012 ebenfalls mehrere Pl\u00e4tze neu zu vergeben.<\/p>\n","protected":false},"excerpt":{"rendered":"<p>Nun ist der Herbst so richtig da und so fiel es uns nicht schwer, ein Thema f\u00fcr den n\u00e4chsten Besuch der &#8222;W\u00fchlm\u00e4use&#8220; in der Tagespflege Lossetal zu finden. Herbstlieder und Basteln mit dem, was diese Jahreszeit uns gibt, stand auf dem Programm. In den Tagen zuvor, haben die Kinder ein herbstliches Bewegungslied einge\u00fcbt und konnten &hellip; <a href=\"https:\/\/www.xn--kita-whlmuse-ocb64a.de\/?page_id=383\" class=\"more-link\"><span class=\"screen-reader-text\">Kinder der Kita &#8222;Die W\u00fchlm\u00e4use&#8220; basteln in der Tagespflege Lossetal<\/span> weiterlesen <span class=\"meta-nav\">&rarr;<\/span><\/a><\/p>\n","protected":false},"author":4,"featured_media":0,"parent":32,"menu_order":0,"comment_status":"closed","ping_status":"open","template":"","meta":{"footnotes":""},"class_list":["post-383","page","type-page","status-publish","hentry"],"_links":{"self":[{"href":"https:\/\/www.xn--kita-whlmuse-ocb64a.de\/index.php?rest_route=\/wp\/v2\/pages\/383","targetHints":{"allow":["GET"]}}],"collection":[{"href":"https:\/\/www.xn--kita-whlmuse-ocb64a.de\/index.php?rest_route=\/wp\/v2\/pages"}],"about":[{"href":"https:\/\/www.xn--kita-whlmuse-ocb64a.de\/index.php?rest_route=\/wp\/v2\/types\/page"}],"author":[{"embeddable":true,"href":"https:\/\/www.xn--kita-whlmuse-ocb64a.de\/index.php?rest_route=\/wp\/v2\/users\/4"}],"replies":[{"embeddable":true,"href":"https:\/\/www.xn--kita-whlmuse-ocb64a.de\/index.php?rest_route=%2Fwp%2Fv2%2Fcomments&post=383"}],"version-history":[{"count":13,"href":"https:\/\/www.xn--kita-whlmuse-ocb64a.de\/index.php?rest_route=\/wp\/v2\/pages\/383\/revisions"}],"predecessor-version":[{"id":643,"href":"https:\/\/www.xn--kita-whlmuse-ocb64a.de\/index.php?rest_route=\/wp\/v2\/pages\/383\/revisions\/643"}],"up":[{"embeddable":true,"href":"https:\/\/www.xn--kita-whlmuse-ocb64a.de\/index.php?rest_route=\/wp\/v2\/pages\/32"}],"wp:attachment":[{"href":"https:\/\/www.xn--kita-whlmuse-ocb64a.de\/index.php?rest_route=%2Fwp%2Fv2%2Fmedia&parent=383"}],"curies":[{"name":"wp","href":"https:\/\/api.w.org\/{rel}","templated":true}]}}