{"id":495,"date":"2012-03-13T17:12:35","date_gmt":"2012-03-13T17:12:35","guid":{"rendered":"http:\/\/www.xn--kita-whlmuse-ocb64a.de\/?page_id=495"},"modified":"2015-02-03T10:06:41","modified_gmt":"2015-02-03T10:06:41","slug":"wuhlmause-feiern-karneval-in-der-tagespflege-lossetal","status":"publish","type":"page","link":"https:\/\/www.xn--kita-whlmuse-ocb64a.de\/?page_id=495","title":{"rendered":"&#8222;W\u00fchlm\u00e4use&#8220; feiern Karneval in der Tagespflege Lossetal"},"content":{"rendered":"<p>Der Besuch der Kita-Kinder am Rosenmontag ist in der Tagespflege Lossetal schon Tradition.<\/p>\n<p>In diesem Jahr besuchten uns wieder allerlei M\u00e4rchengestalten und brachten einge\u00fcbte Lieder und reichlich gute Laune mit. Die Senioren der Tagespflege standen dem in nichts nach und dankten mit Kamelle und Konfetti. Die alters\u00fcbergreifende Polonaise rundete den morgendlichen Besuch der Kinder ab.<\/p>\n<p>Sp\u00e4ter gab es dann noch reichlich Karnevalsmusik und Geschichten aus fr\u00fcheren Zeiten. Helau !<\/p>\n<p>\u00dcbrigens: Die Tagespflege Lossetal hat noch Pl\u00e4tze frei. N\u00e4here Informationen unter <a title=\"Tagespflege Lossetal\" href=\"http:\/\/www.tagespflege-lossetal.de\/\" target=\"_blank\">www.tagespflege-lossetal.de<\/a><\/p>\n<p>&nbsp;<\/p>\n<p><a href=\"https:\/\/www.xn--kita-whlmuse-ocb64a.de\/wp-content\/uploads\/2012\/03\/DSC03875.jpg\"><img loading=\"lazy\" decoding=\"async\" class=\"alignnone size-medium wp-image-493\" title=\"DSC03875\" alt=\"\" src=\"https:\/\/www.xn--kita-whlmuse-ocb64a.de\/wp-content\/uploads\/2012\/03\/DSC03875-300x225.jpg\" width=\"300\" height=\"225\" srcset=\"https:\/\/www.xn--kita-whlmuse-ocb64a.de\/wp-content\/uploads\/2012\/03\/DSC03875-300x225.jpg 300w, https:\/\/www.xn--kita-whlmuse-ocb64a.de\/wp-content\/uploads\/2012\/03\/DSC03875-1024x768.jpg 1024w, https:\/\/www.xn--kita-whlmuse-ocb64a.de\/wp-content\/uploads\/2012\/03\/DSC03875.jpg 1600w\" sizes=\"auto, (max-width: 300px) 100vw, 300px\" \/><\/a> <a href=\"https:\/\/www.xn--kita-whlmuse-ocb64a.de\/wp-content\/uploads\/2012\/03\/DSC03913.jpg\"><img loading=\"lazy\" decoding=\"async\" class=\"alignnone size-medium wp-image-494\" title=\"DSC03913\" alt=\"\" src=\"https:\/\/www.xn--kita-whlmuse-ocb64a.de\/wp-content\/uploads\/2012\/03\/DSC03913-300x225.jpg\" width=\"300\" height=\"225\" srcset=\"https:\/\/www.xn--kita-whlmuse-ocb64a.de\/wp-content\/uploads\/2012\/03\/DSC03913-300x225.jpg 300w, https:\/\/www.xn--kita-whlmuse-ocb64a.de\/wp-content\/uploads\/2012\/03\/DSC03913-1024x768.jpg 1024w, https:\/\/www.xn--kita-whlmuse-ocb64a.de\/wp-content\/uploads\/2012\/03\/DSC03913.jpg 1600w\" sizes=\"auto, (max-width: 300px) 100vw, 300px\" \/><\/a><\/p>\n","protected":false},"excerpt":{"rendered":"<p>Der Besuch der Kita-Kinder am Rosenmontag ist in der Tagespflege Lossetal schon Tradition. In diesem Jahr besuchten uns wieder allerlei M\u00e4rchengestalten und brachten einge\u00fcbte Lieder und reichlich gute Laune mit. Die Senioren der Tagespflege standen dem in nichts nach und dankten mit Kamelle und Konfetti. Die alters\u00fcbergreifende Polonaise rundete den morgendlichen Besuch der Kinder ab. &hellip; <a href=\"https:\/\/www.xn--kita-whlmuse-ocb64a.de\/?page_id=495\" class=\"more-link\"><span class=\"screen-reader-text\">&#8222;W\u00fchlm\u00e4use&#8220; feiern Karneval in der Tagespflege Lossetal<\/span> weiterlesen <span class=\"meta-nav\">&rarr;<\/span><\/a><\/p>\n","protected":false},"author":4,"featured_media":0,"parent":0,"menu_order":0,"comment_status":"closed","ping_status":"closed","template":"","meta":{"footnotes":""},"class_list":["post-495","page","type-page","status-publish","hentry"],"_links":{"self":[{"href":"https:\/\/www.xn--kita-whlmuse-ocb64a.de\/index.php?rest_route=\/wp\/v2\/pages\/495","targetHints":{"allow":["GET"]}}],"collection":[{"href":"https:\/\/www.xn--kita-whlmuse-ocb64a.de\/index.php?rest_route=\/wp\/v2\/pages"}],"about":[{"href":"https:\/\/www.xn--kita-whlmuse-ocb64a.de\/index.php?rest_route=\/wp\/v2\/types\/page"}],"author":[{"embeddable":true,"href":"https:\/\/www.xn--kita-whlmuse-ocb64a.de\/index.php?rest_route=\/wp\/v2\/users\/4"}],"replies":[{"embeddable":true,"href":"https:\/\/www.xn--kita-whlmuse-ocb64a.de\/index.php?rest_route=%2Fwp%2Fv2%2Fcomments&post=495"}],"version-history":[{"count":7,"href":"https:\/\/www.xn--kita-whlmuse-ocb64a.de\/index.php?rest_route=\/wp\/v2\/pages\/495\/revisions"}],"predecessor-version":[{"id":629,"href":"https:\/\/www.xn--kita-whlmuse-ocb64a.de\/index.php?rest_route=\/wp\/v2\/pages\/495\/revisions\/629"}],"wp:attachment":[{"href":"https:\/\/www.xn--kita-whlmuse-ocb64a.de\/index.php?rest_route=%2Fwp%2Fv2%2Fmedia&parent=495"}],"curies":[{"name":"wp","href":"https:\/\/api.w.org\/{rel}","templated":true}]}}