{"id":502,"date":"2012-09-02T12:45:02","date_gmt":"2012-09-02T12:45:02","guid":{"rendered":"http:\/\/www.xn--kita-whlmuse-ocb64a.de\/?page_id=502"},"modified":"2015-02-03T10:07:14","modified_gmt":"2015-02-03T10:07:14","slug":"wuhlmause-spenden-ausstellungsstuck-fur-die-sinnesgange","status":"publish","type":"page","link":"https:\/\/www.xn--kita-whlmuse-ocb64a.de\/?page_id=502","title":{"rendered":"W\u00fchlm\u00e4use spenden Ausstellungsst\u00fcck f\u00fcr die Sinnesg\u00e4nge"},"content":{"rendered":"<p>Na klar waren die Kinder der Kita W\u00fchlm\u00e4use schon in der Sinnesg\u00e4ngeausstellung und die Freude \u00fcber dieses neue Erfahrungsfeld &#8211; nicht nur f\u00fcr Kinder &#8211; war gro\u00df und wirkte lange nach. So entstand die Idee, selbst ein Ausstellungsst\u00fcck beizusteuern. Hierzu trafen sich zun\u00e4chst die Ausstellungsbetreiber Christoph J\u00f6ckel und Frank Hellbr\u00fcck mit dem Team der Kita W\u00fchlm\u00e4use und beratschlagten, denn das Projekt sollte mehrere Kriterien erf\u00fcllen. Vor allem sollte es geeignet sein, dass sich Kinder im Kindergartenalter mit dem Projektthema befassen k\u00f6nnen und zweitens sollte es die bisherigen Ausstellungst\u00fccke konzeptionell sinnvoll erg\u00e4nzen. So entstand die Idee des Kretischen Labyrinths, welches seit Jahrtausenden die Menschen bewegt und als Kugelbahn f\u00fcr Jung und Alt gleicherma\u00dfen ein Geschicklichkeitsspiel darstellt, in welchem Achtsamkeit und Teamgeist gefragt wird.<br \/>\nIn der Kita verbrachten wir sodann viele Stunden damit, das Thema Labyrinth zu erkunden. Wir malten &#8211; klein auf Papier und gro\u00df auf dem Hof. Und wir fertigten einen eigene Prototyp aus einer alten Tischplatte und schwangen Bohrmaschine und Schraubendreher.<\/p>\n<p>Nat\u00fcrlich sollte das Labyrinth auch professionell vom kommuneeigenen Handwerksbetrieb gefertigt werden. Geldgeber f\u00fcr das Projekt waren schnell gefunden. Somit wurde das Projekt erst erm\u00f6glicht. Ein besonderer Dank gilt daher den kaufunger Gesch\u00e4ftsleuten Kasseler Sparkasse, Spielwelt Kellner, Friseursalon Carral, Falken Apotheke, B\u00e4ckerei Diederich und Optik Wetzel.<br \/>\nDie Arbeit der Kita erfolgte unentgeltlich. Nach der Begleichung der Handwerkerrechnungen blieben von den insgesamt gespendeten 775 Euro noch 200 Euro als Barspende an die Sinnesg\u00e4nge zur Finanzierung weiterer Ausstellungsst\u00fccke \u00fcbrig.<\/p>\n<figure id=\"attachment_514\" aria-describedby=\"caption-attachment-514\" style=\"width: 300px\" class=\"wp-caption alignright\"><a href=\"https:\/\/www.xn--kita-whlmuse-ocb64a.de\/wp-content\/uploads\/2012\/09\/DSC04157.jpg\"><img loading=\"lazy\" decoding=\"async\" class=\"size-medium wp-image-514 \" title=\"Labytinth_Prototyp_Jonathan\" src=\"https:\/\/www.xn--kita-whlmuse-ocb64a.de\/wp-content\/uploads\/2012\/09\/DSC04157-300x225.jpg\" alt=\"\" width=\"300\" height=\"225\" srcset=\"https:\/\/www.xn--kita-whlmuse-ocb64a.de\/wp-content\/uploads\/2012\/09\/DSC04157-300x225.jpg 300w, https:\/\/www.xn--kita-whlmuse-ocb64a.de\/wp-content\/uploads\/2012\/09\/DSC04157-1024x768.jpg 1024w, https:\/\/www.xn--kita-whlmuse-ocb64a.de\/wp-content\/uploads\/2012\/09\/DSC04157.jpg 1600w\" sizes=\"auto, (max-width: 300px) 100vw, 300px\" \/><\/a><figcaption id=\"caption-attachment-514\" class=\"wp-caption-text\">Damit die Handwerker sp\u00e4ter auch wissen was sie bauen sollen fertigen wir schon mal den Prototyp<\/figcaption><\/figure>\n<figure id=\"attachment_504\" aria-describedby=\"caption-attachment-504\" style=\"width: 300px\" class=\"wp-caption alignnone\"><a href=\"https:\/\/www.xn--kita-whlmuse-ocb64a.de\/wp-content\/uploads\/2012\/09\/DSC05029.jpg\"><img loading=\"lazy\" decoding=\"async\" class=\"size-medium wp-image-504\" title=\"Kinder-Labyrinth-inSG\" src=\"https:\/\/www.xn--kita-whlmuse-ocb64a.de\/wp-content\/uploads\/2012\/09\/DSC05029-300x225.jpg\" alt=\"\" width=\"300\" height=\"225\" srcset=\"https:\/\/www.xn--kita-whlmuse-ocb64a.de\/wp-content\/uploads\/2012\/09\/DSC05029-300x225.jpg 300w, https:\/\/www.xn--kita-whlmuse-ocb64a.de\/wp-content\/uploads\/2012\/09\/DSC05029-1024x768.jpg 1024w, https:\/\/www.xn--kita-whlmuse-ocb64a.de\/wp-content\/uploads\/2012\/09\/DSC05029.jpg 1600w\" sizes=\"auto, (max-width: 300px) 100vw, 300px\" \/><\/a><figcaption id=\"caption-attachment-504\" class=\"wp-caption-text\">Die Kinder probieren sich in Geschicklichkeit und Kooperation<\/figcaption><\/figure>\n<figure id=\"attachment_512\" aria-describedby=\"caption-attachment-512\" style=\"width: 300px\" class=\"wp-caption alignnone\"><a href=\"https:\/\/www.xn--kita-whlmuse-ocb64a.de\/wp-content\/uploads\/2012\/09\/DSC05036.jpg\"><img loading=\"lazy\" decoding=\"async\" class=\"size-medium wp-image-512 \" title=\"Sponsoren_Labyrinth\" src=\"https:\/\/www.xn--kita-whlmuse-ocb64a.de\/wp-content\/uploads\/2012\/09\/DSC05036-300x225.jpg\" alt=\"\" width=\"300\" height=\"225\" srcset=\"https:\/\/www.xn--kita-whlmuse-ocb64a.de\/wp-content\/uploads\/2012\/09\/DSC05036-300x225.jpg 300w, https:\/\/www.xn--kita-whlmuse-ocb64a.de\/wp-content\/uploads\/2012\/09\/DSC05036-1024x768.jpg 1024w, https:\/\/www.xn--kita-whlmuse-ocb64a.de\/wp-content\/uploads\/2012\/09\/DSC05036.jpg 1600w\" sizes=\"auto, (max-width: 300px) 100vw, 300px\" \/><\/a><figcaption id=\"caption-attachment-512\" class=\"wp-caption-text\">Das Kitateam bedankt sich herzlich bei allen Geldgebern<\/figcaption><\/figure>\n<p><a href=\"https:\/\/www.xn--kita-whlmuse-ocb64a.de\/wp-content\/uploads\/2012\/09\/DSC03944-001.jpg\"><img loading=\"lazy\" decoding=\"async\" class=\"alignnone size-medium wp-image-513\" title=\"Gesa_Labyrinth_Prototyp\" src=\"https:\/\/www.xn--kita-whlmuse-ocb64a.de\/wp-content\/uploads\/2012\/09\/DSC03944-001-225x300.jpg\" alt=\"Auch B\u00e4lle und Autos fanden ihren Weg ins Innere und zur\u00fcck\" width=\"225\" height=\"300\" srcset=\"https:\/\/www.xn--kita-whlmuse-ocb64a.de\/wp-content\/uploads\/2012\/09\/DSC03944-001-225x300.jpg 225w, https:\/\/www.xn--kita-whlmuse-ocb64a.de\/wp-content\/uploads\/2012\/09\/DSC03944-001-768x1024.jpg 768w, https:\/\/www.xn--kita-whlmuse-ocb64a.de\/wp-content\/uploads\/2012\/09\/DSC03944-001.jpg 1200w\" sizes=\"auto, (max-width: 225px) 100vw, 225px\" \/><\/a><\/p>\n","protected":false},"excerpt":{"rendered":"<p>Na klar waren die Kinder der Kita W\u00fchlm\u00e4use schon in der Sinnesg\u00e4ngeausstellung und die Freude \u00fcber dieses neue Erfahrungsfeld &#8211; nicht nur f\u00fcr Kinder &#8211; war gro\u00df und wirkte lange nach. So entstand die Idee, selbst ein Ausstellungsst\u00fcck beizusteuern. Hierzu trafen sich zun\u00e4chst die Ausstellungsbetreiber Christoph J\u00f6ckel und Frank Hellbr\u00fcck mit dem Team der Kita &hellip; <a href=\"https:\/\/www.xn--kita-whlmuse-ocb64a.de\/?page_id=502\" class=\"more-link\"><span class=\"screen-reader-text\">W\u00fchlm\u00e4use spenden Ausstellungsst\u00fcck f\u00fcr die Sinnesg\u00e4nge<\/span> weiterlesen <span class=\"meta-nav\">&rarr;<\/span><\/a><\/p>\n","protected":false},"author":4,"featured_media":0,"parent":0,"menu_order":0,"comment_status":"closed","ping_status":"open","template":"","meta":{"footnotes":""},"class_list":["post-502","page","type-page","status-publish","hentry"],"_links":{"self":[{"href":"https:\/\/www.xn--kita-whlmuse-ocb64a.de\/index.php?rest_route=\/wp\/v2\/pages\/502","targetHints":{"allow":["GET"]}}],"collection":[{"href":"https:\/\/www.xn--kita-whlmuse-ocb64a.de\/index.php?rest_route=\/wp\/v2\/pages"}],"about":[{"href":"https:\/\/www.xn--kita-whlmuse-ocb64a.de\/index.php?rest_route=\/wp\/v2\/types\/page"}],"author":[{"embeddable":true,"href":"https:\/\/www.xn--kita-whlmuse-ocb64a.de\/index.php?rest_route=\/wp\/v2\/users\/4"}],"replies":[{"embeddable":true,"href":"https:\/\/www.xn--kita-whlmuse-ocb64a.de\/index.php?rest_route=%2Fwp%2Fv2%2Fcomments&post=502"}],"version-history":[{"count":20,"href":"https:\/\/www.xn--kita-whlmuse-ocb64a.de\/index.php?rest_route=\/wp\/v2\/pages\/502\/revisions"}],"predecessor-version":[{"id":647,"href":"https:\/\/www.xn--kita-whlmuse-ocb64a.de\/index.php?rest_route=\/wp\/v2\/pages\/502\/revisions\/647"}],"wp:attachment":[{"href":"https:\/\/www.xn--kita-whlmuse-ocb64a.de\/index.php?rest_route=%2Fwp%2Fv2%2Fmedia&parent=502"}],"curies":[{"name":"wp","href":"https:\/\/api.w.org\/{rel}","templated":true}]}}