{"id":558,"date":"2013-04-01T18:36:35","date_gmt":"2013-04-01T18:36:35","guid":{"rendered":"http:\/\/www.xn--kita-whlmuse-ocb64a.de\/?page_id=558"},"modified":"2015-02-03T10:06:42","modified_gmt":"2015-02-03T10:06:42","slug":"kita-die-wuhlmause-sicher-im-strasenverkehr-kfg-wo-nov-2012","status":"publish","type":"page","link":"https:\/\/www.xn--kita-whlmuse-ocb64a.de\/?page_id=558","title":{"rendered":"Kita &#8222;Die W\u00fchlm\u00e4use&#8220; sicher im Stra\u00dfenverkehr &#8211; Kfg.Wo Nov 2012"},"content":{"rendered":"<p>In der zweiten Oktoberwoche ging es wieder &#8222;Zu Fu\u00df zur Schule und in den Kindergarten&#8220;, eine Aktion der Kaufunger Kinderg\u00e4rten und Grundschulen.<\/p>\n<p>Bei den W\u00fchlm\u00e4usen stand in diesem Jahr das sichere Verhalten im Stra\u00dfenverkehr im Fokus. So unternahmen wir besonders mit den \u00e4lteren Kindern Ausfl\u00fcge und \u00fcberquerten gezielt h\u00e4ufig Stra\u00dfen. Auch einige B\u00fccher brachten uns das Thema Verkehr n\u00e4her.<\/p>\n<p>Als H\u00f6hepunkt der Aktionswoche guckten wir uns eine schlecht einsehbare Stra\u00dfenkurve in unmittelbarer N\u00e4he der Kita aus. Hier kann man immer wieder beobachten, dss Kinder wie auch Erwachsene die &#8222;Abk\u00fcrzung&#8220; beim \u00dcberqueren der Stra\u00dfe w\u00e4hlen obwohl Autofahrer in der Kurve die Fu\u00dfg\u00e4nger erst sp\u00e4t sehen. Die Stelle, an der nicht nur Kinder die Wilhelmstra\u00dfe sicherer \u00fcberqueren k\u00f6nnen, haben wir deshalb mit bunten Fussabdr\u00fccken gekennzeichnet und r\u00fcckten an diesem Morgen mit Schablonen, Farbe und Farbrolle zu Werke.<\/p>\n<p>Noch einige Wochen werden uns die bunten F\u00fc\u00dfe an den sicheren Weg \u00fcber die Stra\u00dfe erinnern.<\/p>\n<p><a href=\"https:\/\/www.xn--kita-whlmuse-ocb64a.de\/wp-content\/uploads\/2013\/04\/DSC05218.jpg\"><img loading=\"lazy\" decoding=\"async\" class=\"alignnone size-medium wp-image-559\" title=\"DSC05218\" src=\"https:\/\/www.xn--kita-whlmuse-ocb64a.de\/wp-content\/uploads\/2013\/04\/DSC05218-300x225.jpg\" alt=\"\" width=\"300\" height=\"225\" srcset=\"https:\/\/www.xn--kita-whlmuse-ocb64a.de\/wp-content\/uploads\/2013\/04\/DSC05218-300x225.jpg 300w, https:\/\/www.xn--kita-whlmuse-ocb64a.de\/wp-content\/uploads\/2013\/04\/DSC05218.jpg 800w\" sizes=\"auto, (max-width: 300px) 100vw, 300px\" \/><\/a><a href=\"https:\/\/www.xn--kita-whlmuse-ocb64a.de\/wp-content\/uploads\/2013\/04\/DSC05200.jpg\"><img loading=\"lazy\" decoding=\"async\" class=\"alignnone size-medium wp-image-561\" title=\"DSC05200\" src=\"https:\/\/www.xn--kita-whlmuse-ocb64a.de\/wp-content\/uploads\/2013\/04\/DSC05200-300x225.jpg\" alt=\"\" width=\"300\" height=\"225\" srcset=\"https:\/\/www.xn--kita-whlmuse-ocb64a.de\/wp-content\/uploads\/2013\/04\/DSC05200-300x225.jpg 300w, https:\/\/www.xn--kita-whlmuse-ocb64a.de\/wp-content\/uploads\/2013\/04\/DSC05200.jpg 800w\" sizes=\"auto, (max-width: 300px) 100vw, 300px\" \/><\/a><\/p>\n","protected":false},"excerpt":{"rendered":"<p>In der zweiten Oktoberwoche ging es wieder &#8222;Zu Fu\u00df zur Schule und in den Kindergarten&#8220;, eine Aktion der Kaufunger Kinderg\u00e4rten und Grundschulen. Bei den W\u00fchlm\u00e4usen stand in diesem Jahr das sichere Verhalten im Stra\u00dfenverkehr im Fokus. So unternahmen wir besonders mit den \u00e4lteren Kindern Ausfl\u00fcge und \u00fcberquerten gezielt h\u00e4ufig Stra\u00dfen. Auch einige B\u00fccher brachten uns &hellip; <a href=\"https:\/\/www.xn--kita-whlmuse-ocb64a.de\/?page_id=558\" class=\"more-link\"><span class=\"screen-reader-text\">Kita &#8222;Die W\u00fchlm\u00e4use&#8220; sicher im Stra\u00dfenverkehr &#8211; Kfg.Wo Nov 2012<\/span> weiterlesen <span class=\"meta-nav\">&rarr;<\/span><\/a><\/p>\n","protected":false},"author":4,"featured_media":0,"parent":0,"menu_order":0,"comment_status":"closed","ping_status":"open","template":"","meta":{"footnotes":""},"class_list":["post-558","page","type-page","status-publish","hentry"],"_links":{"self":[{"href":"https:\/\/www.xn--kita-whlmuse-ocb64a.de\/index.php?rest_route=\/wp\/v2\/pages\/558","targetHints":{"allow":["GET"]}}],"collection":[{"href":"https:\/\/www.xn--kita-whlmuse-ocb64a.de\/index.php?rest_route=\/wp\/v2\/pages"}],"about":[{"href":"https:\/\/www.xn--kita-whlmuse-ocb64a.de\/index.php?rest_route=\/wp\/v2\/types\/page"}],"author":[{"embeddable":true,"href":"https:\/\/www.xn--kita-whlmuse-ocb64a.de\/index.php?rest_route=\/wp\/v2\/users\/4"}],"replies":[{"embeddable":true,"href":"https:\/\/www.xn--kita-whlmuse-ocb64a.de\/index.php?rest_route=%2Fwp%2Fv2%2Fcomments&post=558"}],"version-history":[{"count":9,"href":"https:\/\/www.xn--kita-whlmuse-ocb64a.de\/index.php?rest_route=\/wp\/v2\/pages\/558\/revisions"}],"predecessor-version":[{"id":636,"href":"https:\/\/www.xn--kita-whlmuse-ocb64a.de\/index.php?rest_route=\/wp\/v2\/pages\/558\/revisions\/636"}],"wp:attachment":[{"href":"https:\/\/www.xn--kita-whlmuse-ocb64a.de\/index.php?rest_route=%2Fwp%2Fv2%2Fmedia&parent=558"}],"curies":[{"name":"wp","href":"https:\/\/api.w.org\/{rel}","templated":true}]}}