{"id":571,"date":"2013-04-16T11:03:18","date_gmt":"2013-04-16T11:03:18","guid":{"rendered":"http:\/\/www.xn--kita-whlmuse-ocb64a.de\/?page_id=571"},"modified":"2015-02-03T10:07:14","modified_gmt":"2015-02-03T10:07:14","slug":"zirkus-projektwochen-kfg-woche-april-2013","status":"publish","type":"page","link":"https:\/\/www.xn--kita-whlmuse-ocb64a.de\/?page_id=571","title":{"rendered":"Zirkus Projektwochen, Kfg.Woche April 2013"},"content":{"rendered":"<p>Der Startschuss f\u00fcr die Zirkusprojektwochen war eine Sonntagnachmittags Vorf\u00fchrung des Kinderzirkus Rambazotti, an dem fast alle Kitakinder, begleitet von Eltern, Geschwistern und KitamitarbeiterInnen teilnahmen. Nat\u00fcrlich legten wir am n\u00e4chsten Tag gleich selber los und widmeten uns die n\u00e4chsten 2 1\/2 Wochen sehr der Akrobatik, \u00fcbten Zaubertricks ein, probierten uns als Clowns und liefen als Raubtiere durch die Manege.<\/p>\n<p>Der H\u00f6hepunkt der Projektwochen war sicherlich die Vorf\u00fchrung im geschm\u00fcckten &#8222;Kitazirkus&#8220;, bei denen unsere Zirkusstars dann zeigen konnten was sie drauf haben. In der Umbaupause verteilten manche Kinder noch das selbst gemachte Popcorn unter das Publikum.<\/p>\n<p>Wir glauben, dass diese (\u00fcberwiegend) ersten B\u00fchnenerfahrungen den Kindern in sch\u00f6ner Erinnerung bleiben werden.<a href=\"https:\/\/www.xn--kita-whlmuse-ocb64a.de\/wp-content\/uploads\/2013\/04\/Kita-Zirkus15.jpg\"><img loading=\"lazy\" decoding=\"async\" class=\"alignnone size-medium wp-image-572\" title=\"Kita-Zirkus15\" src=\"https:\/\/www.xn--kita-whlmuse-ocb64a.de\/wp-content\/uploads\/2013\/04\/Kita-Zirkus15-200x300.jpg\" alt=\"\" width=\"200\" height=\"300\" srcset=\"https:\/\/www.xn--kita-whlmuse-ocb64a.de\/wp-content\/uploads\/2013\/04\/Kita-Zirkus15-200x300.jpg 200w, https:\/\/www.xn--kita-whlmuse-ocb64a.de\/wp-content\/uploads\/2013\/04\/Kita-Zirkus15-682x1024.jpg 682w, https:\/\/www.xn--kita-whlmuse-ocb64a.de\/wp-content\/uploads\/2013\/04\/Kita-Zirkus15.jpg 1000w\" sizes=\"auto, (max-width: 200px) 100vw, 200px\" \/><\/a><a href=\"https:\/\/www.xn--kita-whlmuse-ocb64a.de\/wp-content\/uploads\/2013\/04\/Kita-Zirkus10.jpg\"><img loading=\"lazy\" decoding=\"async\" class=\"alignnone size-medium wp-image-573\" title=\"Kita-Zirkus10\" src=\"https:\/\/www.xn--kita-whlmuse-ocb64a.de\/wp-content\/uploads\/2013\/04\/Kita-Zirkus10-200x300.jpg\" alt=\"\" width=\"200\" height=\"300\" srcset=\"https:\/\/www.xn--kita-whlmuse-ocb64a.de\/wp-content\/uploads\/2013\/04\/Kita-Zirkus10-200x300.jpg 200w, https:\/\/www.xn--kita-whlmuse-ocb64a.de\/wp-content\/uploads\/2013\/04\/Kita-Zirkus10-682x1024.jpg 682w, https:\/\/www.xn--kita-whlmuse-ocb64a.de\/wp-content\/uploads\/2013\/04\/Kita-Zirkus10.jpg 1000w\" sizes=\"auto, (max-width: 200px) 100vw, 200px\" \/><\/a><\/p>\n","protected":false},"excerpt":{"rendered":"<p>Der Startschuss f\u00fcr die Zirkusprojektwochen war eine Sonntagnachmittags Vorf\u00fchrung des Kinderzirkus Rambazotti, an dem fast alle Kitakinder, begleitet von Eltern, Geschwistern und KitamitarbeiterInnen teilnahmen. Nat\u00fcrlich legten wir am n\u00e4chsten Tag gleich selber los und widmeten uns die n\u00e4chsten 2 1\/2 Wochen sehr der Akrobatik, \u00fcbten Zaubertricks ein, probierten uns als Clowns und liefen als Raubtiere &hellip; <a href=\"https:\/\/www.xn--kita-whlmuse-ocb64a.de\/?page_id=571\" class=\"more-link\"><span class=\"screen-reader-text\">Zirkus Projektwochen, Kfg.Woche April 2013<\/span> weiterlesen <span class=\"meta-nav\">&rarr;<\/span><\/a><\/p>\n","protected":false},"author":4,"featured_media":0,"parent":0,"menu_order":0,"comment_status":"closed","ping_status":"open","template":"","meta":{"footnotes":""},"class_list":["post-571","page","type-page","status-publish","hentry"],"_links":{"self":[{"href":"https:\/\/www.xn--kita-whlmuse-ocb64a.de\/index.php?rest_route=\/wp\/v2\/pages\/571","targetHints":{"allow":["GET"]}}],"collection":[{"href":"https:\/\/www.xn--kita-whlmuse-ocb64a.de\/index.php?rest_route=\/wp\/v2\/pages"}],"about":[{"href":"https:\/\/www.xn--kita-whlmuse-ocb64a.de\/index.php?rest_route=\/wp\/v2\/types\/page"}],"author":[{"embeddable":true,"href":"https:\/\/www.xn--kita-whlmuse-ocb64a.de\/index.php?rest_route=\/wp\/v2\/users\/4"}],"replies":[{"embeddable":true,"href":"https:\/\/www.xn--kita-whlmuse-ocb64a.de\/index.php?rest_route=%2Fwp%2Fv2%2Fcomments&post=571"}],"version-history":[{"count":3,"href":"https:\/\/www.xn--kita-whlmuse-ocb64a.de\/index.php?rest_route=\/wp\/v2\/pages\/571\/revisions"}],"predecessor-version":[{"id":648,"href":"https:\/\/www.xn--kita-whlmuse-ocb64a.de\/index.php?rest_route=\/wp\/v2\/pages\/571\/revisions\/648"}],"wp:attachment":[{"href":"https:\/\/www.xn--kita-whlmuse-ocb64a.de\/index.php?rest_route=%2Fwp%2Fv2%2Fmedia&parent=571"}],"curies":[{"name":"wp","href":"https:\/\/api.w.org\/{rel}","templated":true}]}}