{"id":749,"date":"2025-05-11T14:28:39","date_gmt":"2025-05-11T14:28:39","guid":{"rendered":"https:\/\/www.xn--kita-whlmuse-ocb64a.de\/?page_id=749"},"modified":"2025-05-11T14:35:15","modified_gmt":"2025-05-11T14:35:15","slug":"stellenangebote","status":"publish","type":"page","link":"https:\/\/www.xn--kita-whlmuse-ocb64a.de\/?page_id=749","title":{"rendered":"Stellenangebote"},"content":{"rendered":"\n<p class=\"has-medium-font-size\"><strong>Kita ,,Die W\u00fchlm\u00e4use&#8220; sucht p\u00e4dagogische Fachkraft<\/strong><br>Erzieher \/P\u00e4dagoge , Heilerziehungspfleger, Sozialassistenz (m\/w\/d)<\/p>\n\n\n\n<p>Unsere Kita ist eine Einrichtung in freier Tr\u00e4gerschaft (Verein f\u00fcr \u00d6kologie, Gesundheit und Bildung e.V.) und ein Arbeitsbereich der Lebensgemeinschaft Kommune Niederkaufungen.<\/p>\n\n\n\n<p>Wir verstehen uns als Kollektiv, in dem Entscheidungen gemeinsam im Konsens getroffen werden und m\u00f6chten dich dazu einladen dabei aktiv mitzugestalten!<\/p>\n\n\n\n<p>Die \u201eW\u00fchlm\u00e4use\u201c sind offen f\u00fcr Kinder ab einem Lebensjahr bis zum Schuleintritt.<br>Die Integration von Kindern mit besonderem F\u00f6rderungsbedarf ist Bestandteil des Konzeptes.<br>Bei uns geh\u00f6ren Individualit\u00e4t und &#8222;anders sein&#8220; zum Alltag und geben Anregungen, soziales Lernen zu gestalten.<\/p>\n\n\n\n<p>Unsere Einrichtung besteht aus nur einer Gruppe. Deren Gruppengr\u00f6\u00dfe richtet sich nach der Gruppenzusammensetzung, betr\u00e4gt jedoch nicht mehr als 18 Kinder und schafft somit ein famili\u00e4res Klima.<\/p>\n\n\n\n<p>Unsere regul\u00e4ren \u00d6ffnunsgszeiten sind von 8 \u2013 14 Uhr, so dass wir dir eine Stelle in Teilzeit (bis zu 25\/30Std.) anbieten k\u00f6nnen. In der Regel arbeiten wir zu dritt im Gruppendienst, so dass jede*r von uns eine 4-Tage Woche hat. Das kollektive Arbeiten erm\u00f6glicht uns aber auch Flexibilit\u00e4t bez\u00fcglich der Urlaubs- und Dienstplangestaltung.<\/p>\n\n\n\n<p>Zudem haben wir mehrere R\u00e4ume, die unterschiedlich genutzt werden und ein gro\u00dfes Au\u00dfengel\u00e4nde welches eine Vielzahl an Spiel- und Entwicklungsm\u00f6glichkeiten bietet.<\/p>\n\n\n\n<p>Wir verstehen uns nicht als ErzieherInnen, sondern als EntwicklungsbegleiterInnen, denn wir sehen Kinder als ,,Experten ihrer Selbst&#8220;, d.h. ihrer Entwicklung, ihrer W\u00fcnsche und Bed\u00fcrfnisse. Sie sind aktiv und streben danach, ihr eigenes Leben zu gestalten und ihren Platz zu finden, dabei m\u00f6chten wir sie bestm\u00f6glich begleiten.<\/p>\n\n\n\n<p>Wenn dich diese Zeilen neugierig gemacht haben und du noch mehr \u00fcber unser spezielles Konzept, uns und unsere Arbeit erfahren m\u00f6chtest, bist du herzlich eingeladen ,,Die W\u00fchlm\u00e4use&#8220; kennenzulernen oder bei uns zu hospitieren.<\/p>\n\n\n\n<p>Ebenso sind wir offen f\u00fcr Menschen mit Einstiegsinteresse in die Kommune.<\/p>\n\n\n\n<p><\/p>\n\n\n\n<p><\/p>\n","protected":false},"excerpt":{"rendered":"<p>Kita ,,Die W\u00fchlm\u00e4use&#8220; sucht p\u00e4dagogische FachkraftErzieher \/P\u00e4dagoge , Heilerziehungspfleger, Sozialassistenz (m\/w\/d) Unsere Kita ist eine Einrichtung in freier Tr\u00e4gerschaft (Verein f\u00fcr \u00d6kologie, Gesundheit und Bildung e.V.) und ein Arbeitsbereich der Lebensgemeinschaft Kommune Niederkaufungen. Wir verstehen uns als Kollektiv, in dem Entscheidungen gemeinsam im Konsens getroffen werden und m\u00f6chten dich dazu einladen dabei aktiv mitzugestalten! Die &hellip; <a href=\"https:\/\/www.xn--kita-whlmuse-ocb64a.de\/?page_id=749\" class=\"more-link\"><span class=\"screen-reader-text\">Stellenangebote<\/span> weiterlesen <span class=\"meta-nav\">&rarr;<\/span><\/a><\/p>\n","protected":false},"author":6,"featured_media":0,"parent":0,"menu_order":0,"comment_status":"closed","ping_status":"closed","template":"","meta":{"footnotes":""},"class_list":["post-749","page","type-page","status-publish","hentry"],"_links":{"self":[{"href":"https:\/\/www.xn--kita-whlmuse-ocb64a.de\/index.php?rest_route=\/wp\/v2\/pages\/749","targetHints":{"allow":["GET"]}}],"collection":[{"href":"https:\/\/www.xn--kita-whlmuse-ocb64a.de\/index.php?rest_route=\/wp\/v2\/pages"}],"about":[{"href":"https:\/\/www.xn--kita-whlmuse-ocb64a.de\/index.php?rest_route=\/wp\/v2\/types\/page"}],"author":[{"embeddable":true,"href":"https:\/\/www.xn--kita-whlmuse-ocb64a.de\/index.php?rest_route=\/wp\/v2\/users\/6"}],"replies":[{"embeddable":true,"href":"https:\/\/www.xn--kita-whlmuse-ocb64a.de\/index.php?rest_route=%2Fwp%2Fv2%2Fcomments&post=749"}],"version-history":[{"count":3,"href":"https:\/\/www.xn--kita-whlmuse-ocb64a.de\/index.php?rest_route=\/wp\/v2\/pages\/749\/revisions"}],"predecessor-version":[{"id":755,"href":"https:\/\/www.xn--kita-whlmuse-ocb64a.de\/index.php?rest_route=\/wp\/v2\/pages\/749\/revisions\/755"}],"wp:attachment":[{"href":"https:\/\/www.xn--kita-whlmuse-ocb64a.de\/index.php?rest_route=%2Fwp%2Fv2%2Fmedia&parent=749"}],"curies":[{"name":"wp","href":"https:\/\/api.w.org\/{rel}","templated":true}]}}